{"id":69,"date":"2022-09-07T12:19:47","date_gmt":"2022-09-07T12:19:47","guid":{"rendered":"https:\/\/miskolcikungfu.hu\/?page_id=69"},"modified":"2022-09-07T12:46:30","modified_gmt":"2022-09-07T12:46:30","slug":"esemenyek-es-hireink","status":"publish","type":"page","link":"https:\/\/miskolcikungfu.hu\/hu_hu\/esemenyek-es-hireink\/","title":{"rendered":"Esem\u00e9nyek \u00e9s h\u00edreink"},"content":{"rendered":"<p>[et_pb_section fb_built=&#8221;1&#8243; _builder_version=&#8221;4.18.0&#8243; _module_preset=&#8221;default&#8221; global_colors_info=&#8221;{}&#8221; global_module=&#8221;106&#8243; saved_tabs=&#8221;all&#8221;][et_pb_row column_structure=&#8221;1_3,2_3&#8243; _builder_version=&#8221;4.18.0&#8243; _module_preset=&#8221;default&#8221; hover_enabled=&#8221;0&#8243; global_colors_info=&#8221;{}&#8221; sticky_enabled=&#8221;0&#8243; max_width=&#8221;80%&#8221;][et_pb_column type=&#8221;1_3&#8243; _builder_version=&#8221;4.18.0&#8243; _module_preset=&#8221;default&#8221; hover_enabled=&#8221;0&#8243; global_colors_info=&#8221;{}&#8221; sticky_enabled=&#8221;0&#8243;][dsm_menu _builder_version=&#8221;4.18.0&#8243; _module_preset=&#8221;default&#8221; menu_id=&#8221;5&#8243; hover_enabled=&#8221;0&#8243; sticky_enabled=&#8221;0&#8243; header_font=&#8221;Alegreya Sans SC|||on|||||&#8221; header_font_size=&#8221;17px&#8221; list_style_type=&#8221;none&#8221; menu_font=&#8221;Alegreya Sans SC|700||on|||||&#8221; menu_font_size=&#8221;21px&#8221; menu_link_text_color=&#8221;#000000&#8243; menu_space_between=&#8221;10px&#8221;][\/dsm_menu][\/et_pb_column][et_pb_column type=&#8221;2_3&#8243; _builder_version=&#8221;4.18.0&#8243; _module_preset=&#8221;default&#8221; global_colors_info=&#8221;{}&#8221;][et_pb_blog include_categories=&#8221;current,all&#8221; _builder_version=&#8221;4.18.0&#8243; _module_preset=&#8221;default&#8221; hover_enabled=&#8221;0&#8243; global_colors_info=&#8221;{}&#8221; use_manual_excerpt=&#8221;off&#8221; show_author=&#8221;off&#8221; sticky_enabled=&#8221;0&#8243;][\/et_pb_blog][\/et_pb_column][\/et_pb_row][\/et_pb_section]<\/p>\n","protected":false},"excerpt":{"rendered":"<div class=\"et_pb_module dsm_menu dsm_menu_0  et_pb_text_align_left et_pb_bg_layout_light\">\n\t\t\t\t\n\t\t\t\t\n\t\t\t\t\n\t\t\t\t\n\t\t\t\t\n\t\t\t\t\n\t\t\t\t<div class=\"et_pb_module_inner\">\n\t\t\t\t\t<nav class=\"dsm-menu-container\" role=navigation itemscope itemtype=http:\/\/schema.org\/SiteNavigationElement><ul id=\"menu-blog\" class=\"dsm-menu dsm-menu-style-type-none dsm-menu-layout-vertical\"><li id=\"menu-item-98\" class=\"et_pb_menu_page_id-6 menu-item menu-item-type-taxonomy menu-item-object-category menu-item-98\"><a href=\"https:\/\/miskolcikungfu.hu\/hu_hu\/category\/esemenyek\/\" itemprop=\"url\"><span itemprop=\"name\">Esem\u00e9nyek<\/span><\/a><\/li>\n<li id=\"menu-item-99\" class=\"et_pb_menu_page_id-7 menu-item menu-item-type-taxonomy menu-item-object-category menu-item-99\"><a href=\"https:\/\/miskolcikungfu.hu\/hu_hu\/category\/hirek\/\" itemprop=\"url\"><span itemprop=\"name\">H\u00edrek<\/span><\/a><\/li>\n<\/ul><\/nav>\n\t\t\t\t<\/div>\n\t\t\t<\/div>\n","protected":false},"author":1,"featured_media":0,"parent":0,"menu_order":0,"comment_status":"closed","ping_status":"closed","template":"","meta":{"_et_pb_use_builder":"on","_et_pb_old_content":"","_et_gb_content_width":"","footnotes":""},"class_list":["post-69","page","type-page","status-publish","hentry"],"_links":{"self":[{"href":"https:\/\/miskolcikungfu.hu\/hu_hu\/wp-json\/wp\/v2\/pages\/69","targetHints":{"allow":["GET"]}}],"collection":[{"href":"https:\/\/miskolcikungfu.hu\/hu_hu\/wp-json\/wp\/v2\/pages"}],"about":[{"href":"https:\/\/miskolcikungfu.hu\/hu_hu\/wp-json\/wp\/v2\/types\/page"}],"author":[{"embeddable":true,"href":"https:\/\/miskolcikungfu.hu\/hu_hu\/wp-json\/wp\/v2\/users\/1"}],"replies":[{"embeddable":true,"href":"https:\/\/miskolcikungfu.hu\/hu_hu\/wp-json\/wp\/v2\/comments?post=69"}],"version-history":[{"count":6,"href":"https:\/\/miskolcikungfu.hu\/hu_hu\/wp-json\/wp\/v2\/pages\/69\/revisions"}],"predecessor-version":[{"id":107,"href":"https:\/\/miskolcikungfu.hu\/hu_hu\/wp-json\/wp\/v2\/pages\/69\/revisions\/107"}],"wp:attachment":[{"href":"https:\/\/miskolcikungfu.hu\/hu_hu\/wp-json\/wp\/v2\/media?parent=69"}],"curies":[{"name":"wp","href":"https:\/\/api.w.org\/{rel}","templated":true}]}}